{"id":142,"date":"2018-08-02T23:52:24","date_gmt":"2018-08-02T21:52:24","guid":{"rendered":"http:\/\/sigeodev.cerege.fr\/?page_id=142"},"modified":"2018-11-23T15:54:37","modified_gmt":"2018-11-23T14:54:37","slug":"presentation-du-blog-sigeo","status":"publish","type":"page","link":"https:\/\/sigeo.cerege.fr\/","title":{"rendered":"Pr\u00e9sentation du blog SIG\u00e9o"},"content":{"rendered":"<p>Le SIG\u00e9o est un service de g\u00e9omatique et d&#8217;imagerie du CEREGE.<\/p>\n<p>Pr\u00e9sentation officielle sur le <a href=\"https:\/\/www.cerege.fr\/fr\/laboratoires-et-plateformes\/sigeo-imagerie-et-geomatique\">site du CEREGE<\/a> de nos missions, notamment la gestion et le d\u00e9veloppement d&#8217;une plate-forme technique d&#8217;acquisition et de traitements de donn\u00e9es spatiales.<\/p>\n<p>&nbsp;<\/p>\n<p>Ce blog vise \u00e0 diffuser un ensemble de ressources li\u00e9es \u00e0 la g\u00e9omatique et plus sp\u00e9cifiquement ses applications dans la recherche en sciences de la terre.<\/p>\n","protected":false},"excerpt":{"rendered":"<p>Le SIG\u00e9o est un service de g\u00e9omatique et d&#8217;imagerie du CEREGE. Pr\u00e9sentation officielle sur le site du CEREGE de nos missions, notamment la gestion et le d\u00e9veloppement d&#8217;une plate-forme technique d&#8217;acquisition et de traitements de donn\u00e9es spatiales. &nbsp; Ce blog vise \u00e0 diffuser un ensemble de ressources li\u00e9es \u00e0 la g\u00e9omatique et plus sp\u00e9cifiquement ses &hellip; <a href=\"https:\/\/sigeo.cerege.fr\/\" class=\"more-link\">Continue reading<span class=\"screen-reader-text\"> &#8220;Pr\u00e9sentation du blog SIG\u00e9o&#8221;<\/span><\/a><\/p>\n","protected":false},"author":3,"featured_media":0,"parent":0,"menu_order":0,"comment_status":"closed","ping_status":"closed","template":"","meta":{"footnotes":""},"class_list":["post-142","page","type-page","status-publish","hentry"],"_links":{"self":[{"href":"https:\/\/sigeo.cerege.fr\/index.php?rest_route=\/wp\/v2\/pages\/142","targetHints":{"allow":["GET"]}}],"collection":[{"href":"https:\/\/sigeo.cerege.fr\/index.php?rest_route=\/wp\/v2\/pages"}],"about":[{"href":"https:\/\/sigeo.cerege.fr\/index.php?rest_route=\/wp\/v2\/types\/page"}],"author":[{"embeddable":true,"href":"https:\/\/sigeo.cerege.fr\/index.php?rest_route=\/wp\/v2\/users\/3"}],"replies":[{"embeddable":true,"href":"https:\/\/sigeo.cerege.fr\/index.php?rest_route=%2Fwp%2Fv2%2Fcomments&post=142"}],"version-history":[{"count":3,"href":"https:\/\/sigeo.cerege.fr\/index.php?rest_route=\/wp\/v2\/pages\/142\/revisions"}],"predecessor-version":[{"id":218,"href":"https:\/\/sigeo.cerege.fr\/index.php?rest_route=\/wp\/v2\/pages\/142\/revisions\/218"}],"wp:attachment":[{"href":"https:\/\/sigeo.cerege.fr\/index.php?rest_route=%2Fwp%2Fv2%2Fmedia&parent=142"}],"curies":[{"name":"wp","href":"https:\/\/api.w.org\/{rel}","templated":true}]}}